

{"id":54227,"date":"2017-05-26T10:00:52","date_gmt":"2017-05-26T10:00:52","guid":{"rendered":"https:\/\/athanatos.museosdetenerife.org\/\/congress\/organizadores\/"},"modified":"2018-01-28T21:35:36","modified_gmt":"2018-01-28T21:35:36","slug":"organization","status":"publish","type":"page","link":"https:\/\/athanatos.museosdetenerife.org\/en\/congress\/organization\/","title":{"rendered":"Organization"},"content":{"rendered":"<p>[vc_row unlock_row_content=&#8221;yes&#8221; row_height_percent=&#8221;0&#8243; override_padding=&#8221;yes&#8221; h_padding=&#8221;0&#8243; top_padding=&#8221;0&#8243; bottom_padding=&#8221;0&#8243; back_color=&#8221;color-108631&#8243; parallax=&#8221;yes&#8221; overlay_alpha=&#8221;90&#8243; gutter_size=&#8221;0&#8243; border_style=&#8221;solid&#8221; shift_y=&#8221;0&#8243; sticky=&#8221;yes&#8221; style=&#8221;inherited&#8221; row_height_pixel=&#8221;80&#8243; el_class=&#8221;secundario&#8221;][vc_column column_width_use_pixel=&#8221;yes&#8221; position_vertical=&#8221;middle&#8221; align_horizontal=&#8221;align_center&#8221; style=&#8221;dark&#8221; font_family=&#8221;font-762333&#8243; overlay_alpha=&#8221;100&#8243; gutter_size=&#8221;3&#8243; medium_width=&#8221;0&#8243; shift_x=&#8221;0&#8243; shift_y=&#8221;0&#8243; z_index=&#8221;0&#8243; zoom_width=&#8221;0&#8243; zoom_height=&#8221;0&#8243; width=&#8221;1\/1&#8243; column_width_pixel=&#8221;760&#8243;][vc_empty_space empty_h=&#8221;1&#8243; desktop_visibility=&#8221;yes&#8221; medium_visibility=&#8221;yes&#8221;][vc_wp_custommenu nav_menu=&#8221;63&#8243; nav_menu_horizontal=&#8221;1&#8243; el_class=&#8221;segundo&#8221;][vc_empty_space empty_h=&#8221;1&#8243; desktop_visibility=&#8221;yes&#8221; medium_visibility=&#8221;yes&#8221;][\/vc_column][\/vc_row][vc_row row_height_percent=&#8221;0&#8243; override_padding=&#8221;yes&#8221; h_padding=&#8221;2&#8243; top_padding=&#8221;3&#8243; bottom_padding=&#8221;3&#8243; overlay_color=&#8221;color-xsdn&#8221; overlay_alpha=&#8221;70&#8243; gutter_size=&#8221;100&#8243; shift_y=&#8221;0&#8243; style=&#8221;inherited&#8221; row_name=&#8221;Welcome&#8221; css=&#8221;.vc_custom_1495795700513{border-bottom-width: 1px !important;}&#8221;][vc_column column_width_percent=&#8221;100&#8243; overlay_alpha=&#8221;50&#8243; gutter_size=&#8221;1&#8243; medium_width=&#8221;0&#8243; shift_x=&#8221;0&#8243; shift_y=&#8221;0&#8243; z_index=&#8221;0&#8243; width=&#8221;1\/4&#8243;][vc_custom_heading text_size=&#8221;h4&#8243; text_weight=&#8221;500&#8243; text_transform=&#8221;capitalize&#8221; text_align=&#8221;text-left&#8221; text_uppercase=&#8221;&#8221;]ORGANIZING COMMITTEE[\/vc_custom_heading][\/vc_column][vc_column column_width_percent=&#8221;100&#8243; overlay_alpha=&#8221;50&#8243; gutter_size=&#8221;3&#8243; medium_width=&#8221;0&#8243; shift_x=&#8221;0&#8243; shift_y=&#8221;0&#8243; zoom_width=&#8221;0&#8243; zoom_height=&#8221;0&#8243; width=&#8221;3\/4&#8243;][vc_row_inner][vc_column_inner width=&#8221;1\/2&#8243;][vc_column_text]<strong>PRESIDENT<\/strong><br \/>\n\u00b7 Carlos E. Alonso Rodr\u00edguez. President of the Cabildo Insular de Tenerife, Spain.<\/p>\n<p><strong>VICEPRESIDENT<\/strong><br \/>\n\u00b7 Amaya Conde Mart\u00ednez. President of the Organismo Aut\u00f3nomo de Museos y Centros (Cabildo Insular de Tenerife), Spain.<\/p>\n<p><strong>MANAGER<\/strong><br \/>\n\u00b7 Carlos E. Gonz\u00e1lez Mart\u00edn. Manager. Organismo Aut\u00f3nomo de Museos y Centros (Cabildo Insular de Tenerife),\u00a0Spain.<\/p>\n<p><strong>ADMINISTRATIVE COORDINATION<\/strong><br \/>\n\u00b7 Carmen Marrero del Castillo. Administrative Director. Organismo Aut\u00f3nomo de Museos y Centros (Cabildo Insular de Tenerife),\u00a0Spain.<\/p>\n<p><strong>SCIENTIFIC COORDINATION<\/strong><\/p>\n<p>\u00b7 Conrado Rodr\u00edguez-Maffiotte Mart\u00edn. Director of the Instituto Canario de Bioantropolog\u00eda and Museo Arqueol\u00f3gico de Tenerife. Organismo Aut\u00f3nomo de Museos y Centros (Cabildo Insular de Tenerife), Spain.<br \/>\n<em><strong>Members of the scientific team<\/strong><\/em><br \/>\n\u00b7 Mercedes del Arco Aguilar. Museo Arqueol\u00f3gico de Tenerife. Organismo Aut\u00f3nomo de Museos y Centros (Cabildo Insular de Tenerife),\u00a0Spain.<br \/>\n\u00b7 Carmen Benito Mateo. Museo Arqueol\u00f3gico de Tenerife. Organismo Aut\u00f3nomo de Museos y Centros (Cabildo Insular de Tenerife),\u00a0Spain.[\/vc_column_text][\/vc_column_inner][vc_column_inner width=&#8221;1\/2&#8243;][vc_column_text]<span style=\"font-weight: 400;\">\u00b7 Mercedes Mart\u00edn Oval. Instituto Canario de Bioantropolog\u00eda. Organismo Aut\u00f3nomo de Museos y Centros (Cabildo Insular de Tenerife),\u00a0Spain.<\/span><br \/>\n<span style=\"font-weight: 400;\">\u00b7 Candelaria Rosario Adri\u00e1n. Museo Arqueol\u00f3gico de Tenerife. Organismo Aut\u00f3nomo de Museos y Centros (Cabildo Insular de Tenerife),\u00a0Spain.<\/span><\/p>\n<p><strong>DESIGNER<\/strong><br \/>\n<span style=\"font-weight: 400;\">\u00b7 Gonzalo Manuel Ruiz Ortega. Organismo Aut\u00f3nomo de Museos y Centros (Cabildo Insular de Tenerife) Spain.<\/span><\/p>\n<p><strong>MARKETING<\/strong><br \/>\n<span style=\"font-weight: 400;\">\u00b7 N\u00e9stor Yanes D\u00edaz. Organismo Aut\u00f3nomo de Museos y Centros (Cabildo Insular de Tenerife),\u00a0Spain.<\/span><\/p>\n<p><strong>DIDACTIC ACTIVITIES<\/strong><br \/>\n<span style=\"font-weight: 400;\">\u00b7 Mar\u00eda Nieves Le\u00f3n Hern\u00e1ndez. Departamento de Educaci\u00f3n y Acci\u00f3n Cultural del Museo de la Naturaleza y el Hombre. Organismo Aut\u00f3nomo de Museos y Centros (Cabildo Insular de Tenerife),\u00a0Spain.<\/span><\/p>\n<p><strong>COMPUTING<\/strong><br \/>\n<span style=\"font-weight: 400;\">\u00b7 Antonio Bl\u00e1nquez Bacallado. Unidad de Inform\u00e1tica. Organismo Aut\u00f3nomo de Museos y Centros (Cabildo Insular de Tenerife),\u00a0Spain.<\/span><\/p>\n<p><strong>COORDINATION OF SPACES AT MUSEO DE LA NATURALEZA Y EL HOMBRE <\/strong><br \/>\n\u00b7 Ana Esther P\u00e9rez Gonz\u00e1lez. Organismo Aut\u00f3nomo de Museos y Centros (Cabildo Insular de Tenerife),\u00a0Spain.[\/vc_column_text][\/vc_column_inner][\/vc_row_inner][\/vc_column][\/vc_row][vc_row row_height_percent=&#8221;0&#8243; override_padding=&#8221;yes&#8221; h_padding=&#8221;2&#8243; top_padding=&#8221;3&#8243; bottom_padding=&#8221;3&#8243; overlay_color=&#8221;color-xsdn&#8221; overlay_alpha=&#8221;70&#8243; gutter_size=&#8221;100&#8243; border_color=&#8221;transparent&#8221; shift_y=&#8221;0&#8243; style=&#8221;inherited&#8221; row_name=&#8221;Welcome&#8221; css=&#8221;.vc_custom_1496219603414{border-bottom-width: 1px !important;}&#8221;][vc_column column_width_percent=&#8221;100&#8243; overlay_alpha=&#8221;50&#8243; gutter_size=&#8221;1&#8243; medium_width=&#8221;0&#8243; shift_x=&#8221;0&#8243; shift_y=&#8221;0&#8243; z_index=&#8221;0&#8243; width=&#8221;1\/4&#8243;][vc_custom_heading text_size=&#8221;h4&#8243; text_weight=&#8221;500&#8243; text_transform=&#8221;capitalize&#8221; text_align=&#8221;text-left&#8221; text_uppercase=&#8221;&#8221;]SCIENTIFIC COMMITTEE[\/vc_custom_heading][\/vc_column][vc_column column_width_percent=&#8221;100&#8243; overlay_alpha=&#8221;50&#8243; gutter_size=&#8221;3&#8243; medium_width=&#8221;0&#8243; shift_x=&#8221;0&#8243; shift_y=&#8221;0&#8243; zoom_width=&#8221;0&#8243; zoom_height=&#8221;0&#8243; width=&#8221;3\/4&#8243;][vc_row_inner][vc_column_inner width=&#8221;1\/2&#8243;][vc_column_text]<strong>PRESIDENT<\/strong><br \/>\n<span style=\"font-weight: 400;\">\u00b7 Conrado Rodr\u00edguez-Maffiotte Mart\u00edn. Instituto Canario de Bioantropolog\u00eda y Museo Arqueol\u00f3gico de Tenerife (Museos de Tenerife-Cabildo de Tenerife),\u00a0Spain.<\/span><\/p>\n<p><span style=\"font-weight: 400;\"><strong>HONORARY PRESIDENT<\/strong> <\/span><br \/>\n<span style=\"font-weight: 400;\">\u00b7 Rafael Gonz\u00e1lez Ant\u00f3n. Asesor Em\u00e9rito. Museos de Tenerife-Cabildo de Tenerife,\u00a0Spain.<\/span><\/p>\n<p><strong>VICEPRESIDENT<\/strong><br \/>\n<span style=\"font-weight: 400;\">\u00b7 Felipe C\u00e1rdenas-Arroyo. Instituto Colombiano de Antropolog\u00eda e Historia (ICANH). Bogot\u00e1, Colombia.<\/span><\/p>\n<p><strong>SECRETARY<\/strong><br \/>\n<span style=\"font-weight: 400;\">\u00b7 Mercedes Mart\u00edn Oval. Instituto Canario de Bioantropolog\u00eda (Museos de Tenerife-Cabildo de Tenerife),\u00a0Spain.<\/span>[\/vc_column_text][\/vc_column_inner][vc_column_inner width=&#8221;1\/2&#8243;][vc_column_text]<strong>MEMBERS<\/strong><\/p>\n<ul>\n<li>Bernardo Arriaza. Universidad de Tarapac\u00e1. Arica, Chile<\/li>\n<li>Pablo Atoche Pe\u00f1a. Universidad de Las Palmas de Gran Canaria,\u00a0Spain.<\/li>\n<li><span style=\"font-weight: 400;\">Rosa Boano. Universit\u00e1 di Torino, Italy.<\/span><\/li>\n<li style=\"font-weight: 400;\"><span style=\"font-weight: 400;\">Miguel Botella L\u00f3pez. Universidad de Granada,\u00a0Spain.<\/span><\/li>\n<li style=\"font-weight: 400;\"><span style=\"font-weight: 400;\">Bob Brier. Long Island University, USA.<\/span><\/li>\n<li style=\"font-weight: 400;\"><span style=\"font-weight: 400;\">Jane Buikstra. Arizona State University, USA.<\/span><\/li>\n<li style=\"font-weight: 400;\"><span style=\"font-weight: 400;\">Sonia Guill\u00e9n. Centro Mallqui. Instituto de Bioarqueolog\u00eda. Lima, Peru.<\/span><\/li>\n<li style=\"font-weight: 400;\"><span style=\"font-weight: 400;\">Salima Ikran. American University in Cairo,\u00a0Egypt.<\/span><\/li>\n<li style=\"font-weight: 400;\"><span style=\"font-weight: 400;\">Alena I\u00f1iguez. Funda\u00e7\u00e3o Oswaldo Cruz. Rio de Janeiro, Brazil.<\/span><\/li>\n<li style=\"font-weight: 400;\"><span style=\"font-weight: 400;\">Niels Lynnerup. University of Copenhagen. Denmark.<\/span><\/li>\n<li style=\"font-weight: 400;\"><span style=\"font-weight: 400;\">Bernardo Perea P\u00e9rez. Universidad Complutense. Madrid, Spain.<\/span><\/li>\n<li style=\"font-weight: 400;\"><span style=\"font-weight: 400;\">Emma Rabino. Museo di Antropologia ed Etnografia della Universit\u00e0 degli Studi di Torino, Italy.<\/span><\/li>\n<li style=\"font-weight: 400;\"><span style=\"font-weight: 400;\">Jos\u00e9 Antonio S\u00e1nchez S\u00e1nchez. Universidad Complutense. Madrid, Spain.<\/span><\/li>\n<li style=\"font-weight: 400;\"><span style=\"font-weight: 400;\">John Verano. Tulane University. New Orleans, USA.<\/span><\/li>\n<li style=\"font-weight: 400;\"><span style=\"font-weight: 400;\">Albert Zink. European Academy, Bolzano. Italy.<\/span><\/li>\n<\/ul>\n<p>[\/vc_column_text][\/vc_column_inner][\/vc_row_inner][\/vc_column][\/vc_row]<\/p>\n","protected":false},"excerpt":{"rendered":"<p>[vc_row unlock_row_content=&#8221;yes&#8221; row_height_percent=&#8221;0&#8243; override_padding=&#8221;yes&#8221; h_padding=&#8221;0&#8243; top_padding=&#8221;0&#8243; bottom_padding=&#8221;0&#8243; back_color=&#8221;color-108631&#8243; parallax=&#8221;yes&#8221; overlay_alpha=&#8221;90&#8243; gutter_size=&#8221;0&#8243; border_style=&#8221;solid&#8221; shift_y=&#8221;0&#8243; sticky=&#8221;yes&#8221; style=&#8221;inherited&#8221; row_height_pixel=&#8221;80&#8243; el_class=&#8221;secundario&#8221;][vc_column column_width_use_pixel=&#8221;yes&#8221; position_vertical=&#8221;middle&#8221; align_horizontal=&#8221;align_center&#8221; [&hellip;]<\/p>\n","protected":false},"author":3,"featured_media":0,"parent":54063,"menu_order":0,"comment_status":"closed","ping_status":"closed","template":"","meta":{"footnotes":""},"yoast_head":"<!-- This site is optimized with the Yoast SEO plugin v21.9.1 - https:\/\/yoast.com\/wordpress\/plugins\/seo\/ -->\n<title>Organization - Athanatos<\/title>\n<meta name=\"robots\" content=\"index, follow, max-snippet:-1, max-image-preview:large, max-video-preview:-1\" \/>\n<link rel=\"canonical\" href=\"https:\/\/athanatos.museosdetenerife.org\/congreso\/organizadores\/\" \/>\n<meta property=\"og:locale\" content=\"en_US\" \/>\n<meta property=\"og:type\" content=\"article\" \/>\n<meta property=\"og:title\" content=\"Organization - Athanatos\" \/>\n<meta property=\"og:description\" content=\"[vc_row unlock_row_content=&#8221;yes&#8221; row_height_percent=&#8221;0&#8243; override_padding=&#8221;yes&#8221; h_padding=&#8221;0&#8243; top_padding=&#8221;0&#8243; bottom_padding=&#8221;0&#8243; back_color=&#8221;color-108631&#8243; parallax=&#8221;yes&#8221; overlay_alpha=&#8221;90&#8243; gutter_size=&#8221;0&#8243; border_style=&#8221;solid&#8221; shift_y=&#8221;0&#8243; sticky=&#8221;yes&#8221; style=&#8221;inherited&#8221; row_height_pixel=&#8221;80&#8243; el_class=&#8221;secundario&#8221;][vc_column column_width_use_pixel=&#8221;yes&#8221; position_vertical=&#8221;middle&#8221; align_horizontal=&#8221;align_center&#8221; [&hellip;]\" \/>\n<meta property=\"og:url\" content=\"https:\/\/athanatos.museosdetenerife.org\/congreso\/organizadores\/\" \/>\n<meta property=\"og:site_name\" content=\"Athanatos\" \/>\n<meta property=\"article:modified_time\" content=\"2018-01-28T21:35:36+00:00\" \/>\n<meta name=\"twitter:card\" content=\"summary_large_image\" \/>\n<meta name=\"twitter:label1\" content=\"Est. reading time\" \/>\n\t<meta name=\"twitter:data1\" content=\"4 minutes\" \/>\n<script type=\"application\/ld+json\" class=\"yoast-schema-graph\">{\"@context\":\"https:\/\/schema.org\",\"@graph\":[{\"@type\":\"WebPage\",\"@id\":\"https:\/\/athanatos.museosdetenerife.org\/congreso\/organizadores\/\",\"url\":\"https:\/\/athanatos.museosdetenerife.org\/congreso\/organizadores\/\",\"name\":\"Organization - Athanatos\",\"isPartOf\":{\"@id\":\"https:\/\/athanatos.museosdetenerife.org\/#website\"},\"datePublished\":\"2017-05-26T10:00:52+00:00\",\"dateModified\":\"2018-01-28T21:35:36+00:00\",\"breadcrumb\":{\"@id\":\"https:\/\/athanatos.museosdetenerife.org\/congreso\/organizadores\/#breadcrumb\"},\"inLanguage\":\"en-US\",\"potentialAction\":[{\"@type\":\"ReadAction\",\"target\":[\"https:\/\/athanatos.museosdetenerife.org\/congreso\/organizadores\/\"]}]},{\"@type\":\"BreadcrumbList\",\"@id\":\"https:\/\/athanatos.museosdetenerife.org\/congreso\/organizadores\/#breadcrumb\",\"itemListElement\":[{\"@type\":\"ListItem\",\"position\":1,\"name\":\"Portada\",\"item\":\"https:\/\/athanatos.museosdetenerife.org\/\"},{\"@type\":\"ListItem\",\"position\":2,\"name\":\"Congress\",\"item\":\"https:\/\/athanatos.museosdetenerife.org\/congreso\/\"},{\"@type\":\"ListItem\",\"position\":3,\"name\":\"Organization\"}]},{\"@type\":\"WebSite\",\"@id\":\"https:\/\/athanatos.museosdetenerife.org\/#website\",\"url\":\"https:\/\/athanatos.museosdetenerife.org\/\",\"name\":\"Athanatos\",\"description\":\"\",\"potentialAction\":[{\"@type\":\"SearchAction\",\"target\":{\"@type\":\"EntryPoint\",\"urlTemplate\":\"https:\/\/athanatos.museosdetenerife.org\/?s={search_term_string}\"},\"query-input\":\"required name=search_term_string\"}],\"inLanguage\":\"en-US\"}]}<\/script>\n<!-- \/ Yoast SEO plugin. -->","yoast_head_json":{"title":"Organization - Athanatos","robots":{"index":"index","follow":"follow","max-snippet":"max-snippet:-1","max-image-preview":"max-image-preview:large","max-video-preview":"max-video-preview:-1"},"canonical":"https:\/\/athanatos.museosdetenerife.org\/congreso\/organizadores\/","og_locale":"en_US","og_type":"article","og_title":"Organization - Athanatos","og_description":"[vc_row unlock_row_content=&#8221;yes&#8221; row_height_percent=&#8221;0&#8243; override_padding=&#8221;yes&#8221; h_padding=&#8221;0&#8243; top_padding=&#8221;0&#8243; bottom_padding=&#8221;0&#8243; back_color=&#8221;color-108631&#8243; parallax=&#8221;yes&#8221; overlay_alpha=&#8221;90&#8243; gutter_size=&#8221;0&#8243; border_style=&#8221;solid&#8221; shift_y=&#8221;0&#8243; sticky=&#8221;yes&#8221; style=&#8221;inherited&#8221; row_height_pixel=&#8221;80&#8243; el_class=&#8221;secundario&#8221;][vc_column column_width_use_pixel=&#8221;yes&#8221; position_vertical=&#8221;middle&#8221; align_horizontal=&#8221;align_center&#8221; [&hellip;]","og_url":"https:\/\/athanatos.museosdetenerife.org\/congreso\/organizadores\/","og_site_name":"Athanatos","article_modified_time":"2018-01-28T21:35:36+00:00","twitter_card":"summary_large_image","twitter_misc":{"Est. reading time":"4 minutes"},"schema":{"@context":"https:\/\/schema.org","@graph":[{"@type":"WebPage","@id":"https:\/\/athanatos.museosdetenerife.org\/congreso\/organizadores\/","url":"https:\/\/athanatos.museosdetenerife.org\/congreso\/organizadores\/","name":"Organization - Athanatos","isPartOf":{"@id":"https:\/\/athanatos.museosdetenerife.org\/#website"},"datePublished":"2017-05-26T10:00:52+00:00","dateModified":"2018-01-28T21:35:36+00:00","breadcrumb":{"@id":"https:\/\/athanatos.museosdetenerife.org\/congreso\/organizadores\/#breadcrumb"},"inLanguage":"en-US","potentialAction":[{"@type":"ReadAction","target":["https:\/\/athanatos.museosdetenerife.org\/congreso\/organizadores\/"]}]},{"@type":"BreadcrumbList","@id":"https:\/\/athanatos.museosdetenerife.org\/congreso\/organizadores\/#breadcrumb","itemListElement":[{"@type":"ListItem","position":1,"name":"Portada","item":"https:\/\/athanatos.museosdetenerife.org\/"},{"@type":"ListItem","position":2,"name":"Congress","item":"https:\/\/athanatos.museosdetenerife.org\/congreso\/"},{"@type":"ListItem","position":3,"name":"Organization"}]},{"@type":"WebSite","@id":"https:\/\/athanatos.museosdetenerife.org\/#website","url":"https:\/\/athanatos.museosdetenerife.org\/","name":"Athanatos","description":"","potentialAction":[{"@type":"SearchAction","target":{"@type":"EntryPoint","urlTemplate":"https:\/\/athanatos.museosdetenerife.org\/?s={search_term_string}"},"query-input":"required name=search_term_string"}],"inLanguage":"en-US"}]}},"_links":{"self":[{"href":"https:\/\/athanatos.museosdetenerife.org\/en\/wp-json\/wp\/v2\/pages\/54227"}],"collection":[{"href":"https:\/\/athanatos.museosdetenerife.org\/en\/wp-json\/wp\/v2\/pages"}],"about":[{"href":"https:\/\/athanatos.museosdetenerife.org\/en\/wp-json\/wp\/v2\/types\/page"}],"author":[{"embeddable":true,"href":"https:\/\/athanatos.museosdetenerife.org\/en\/wp-json\/wp\/v2\/users\/3"}],"replies":[{"embeddable":true,"href":"https:\/\/athanatos.museosdetenerife.org\/en\/wp-json\/wp\/v2\/comments?post=54227"}],"version-history":[{"count":0,"href":"https:\/\/athanatos.museosdetenerife.org\/en\/wp-json\/wp\/v2\/pages\/54227\/revisions"}],"up":[{"embeddable":true,"href":"https:\/\/athanatos.museosdetenerife.org\/en\/wp-json\/wp\/v2\/pages\/54063"}],"wp:attachment":[{"href":"https:\/\/athanatos.museosdetenerife.org\/en\/wp-json\/wp\/v2\/media?parent=54227"}],"curies":[{"name":"wp","href":"https:\/\/api.w.org\/{rel}","templated":true}]}}