

{"id":54088,"date":"2017-06-12T10:33:34","date_gmt":"2017-06-12T10:33:34","guid":{"rendered":"https:\/\/athanatos.museosdetenerife.org\/\/investigacion-2\/"},"modified":"2017-12-18T19:02:35","modified_gmt":"2017-12-18T19:02:35","slug":"investigation","status":"publish","type":"page","link":"https:\/\/athanatos.museosdetenerife.org\/en\/investigation\/","title":{"rendered":"Research"},"content":{"rendered":"<p>[vc_row row_height_percent=&#8221;70&#8243; override_padding=&#8221;yes&#8221; h_padding=&#8221;2&#8243; top_padding=&#8221;3&#8243; bottom_padding=&#8221;3&#8243; back_image=&#8221;54188&#8243; back_position=&#8221;center top&#8221; overlay_color=&#8221;color-xsdn&#8221; overlay_alpha=&#8221;0&#8243; gutter_size=&#8221;3&#8243; shift_y=&#8221;0&#8243;][vc_column column_width_percent=&#8221;100&#8243; position_vertical=&#8221;bottom&#8221; style=&#8221;dark&#8221; overlay_alpha=&#8221;50&#8243; gutter_size=&#8221;3&#8243; medium_width=&#8221;0&#8243; shift_x=&#8221;0&#8243; shift_y=&#8221;0&#8243; zoom_width=&#8221;0&#8243; zoom_height=&#8221;0&#8243; width=&#8221;1\/1&#8243;][vc_custom_heading heading_semantic=&#8221;h1&#8243; text_height=&#8221;fontheight-357766&#8243; text_weight=&#8221;500&#8243; text_color=&#8221;color-xsdn&#8221; sub_reduced=&#8221;yes&#8221;]Research:<\/p>\n<p>GUANCHES, AN INTEGRATING VIEW[\/vc_custom_heading][\/vc_column][\/vc_row][vc_row row_height_percent=&#8221;0&#8243; override_padding=&#8221;yes&#8221; h_padding=&#8221;2&#8243; top_padding=&#8221;3&#8243; bottom_padding=&#8221;3&#8243; overlay_color=&#8221;color-xsdn&#8221; overlay_alpha=&#8221;70&#8243; gutter_size=&#8221;100&#8243; border_color=&#8221;color-gyho&#8221; border_style=&#8221;solid&#8221; shift_y=&#8221;0&#8243; style=&#8221;inherited&#8221; row_name=&#8221;Welcome&#8221; css=&#8221;.vc_custom_1438176136018{border-bottom-width: 1px !important;}&#8221;][vc_column column_width_percent=&#8221;100&#8243; overlay_alpha=&#8221;50&#8243; gutter_size=&#8221;1&#8243; medium_width=&#8221;0&#8243; shift_x=&#8221;0&#8243; shift_y=&#8221;0&#8243; z_index=&#8221;0&#8243; width=&#8221;1\/4&#8243;][vc_icon position=&#8221;left&#8221; display=&#8221;inline&#8221; icon=&#8221;fa fa-flask&#8221; icon_color=&#8221;color-108631&#8243; size=&#8221;fa-2x&#8221; heading_semantic=&#8221;h2&#8243; text_size=&#8221;h5&#8243; title=&#8221;Canary Institute of Bioanthropology&#8221; link=&#8221;url:http%3A%2F%2Fwww.museosdetenerife.org%2Fmnh-instituto-canario-de-bioantropologia||target:%20_blank|&#8221;]<a href=\"http:\/\/www.museosdetenerife.org\/mnh-instituto-canario-de-bioantropologia\">Find more<\/a>[\/vc_icon][vc_empty_space empty_h=&#8221;2&#8243;][vc_icon position=&#8221;left&#8221; display=&#8221;inline&#8221; icon=&#8221;fa fa-flask&#8221; icon_color=&#8221;color-108631&#8243; size=&#8221;fa-2x&#8221; heading_semantic=&#8221;h2&#8243; text_size=&#8221;h5&#8243; title=&#8221;Archaeological Museum of Tenerife&#8221; link=&#8221;url:http%3A%2F%2Fwww.museosdetenerife.org%2Fmnh-museo-arqueologico-de-tenerife%2Fpagina%2Fver%2Fpresentacion||target:%20_blank|&#8221;]<a href=\"http:\/\/www.museosdetenerife.org\/mnh-museo-arqueologico-de-tenerife\/pagina\/ver\/presentacion\">\u00a0Find more<\/a>[\/vc_icon][\/vc_column][vc_column column_width_percent=&#8221;100&#8243; overlay_alpha=&#8221;50&#8243; gutter_size=&#8221;3&#8243; medium_width=&#8221;0&#8243; shift_x=&#8221;0&#8243; shift_y=&#8221;0&#8243; zoom_width=&#8221;0&#8243; zoom_height=&#8221;0&#8243; width=&#8221;3\/4&#8243;][vc_row_inner][vc_column_inner width=&#8221;1\/1&#8243;][vc_column_text]<span style=\"font-weight: 400;\">The recent introduction of new methods, techniques and research lines in bioanthropology and archaeology favors that their integrating study results in a relevant field for the analysis of past populations, permitting the reconstruction of their lives from their human remains, artifacts and environment. For this reason, this project constitutes a good opportunity to carry out these actions and to expose them in the most prestigious international phori and, at the same time, they contribute to the expansion and improvement of the research lines of the Instituto Canario de Bioantropolog\u00eda and Museo Arqueol\u00f3gico de Tenerife (both belonging to the Organismo Aut\u00f3nomo de Museos y Centros of the Cabildo de Tenerife).<\/span><\/p>\n<p>&nbsp;<\/p>\n<p><b>From a bioanthropological perspective<\/b><span style=\"font-weight: 400;\">.<\/span><\/p>\n<p><span style=\"font-weight: 400;\">Genetics (aDNA)<\/span><span style=\"font-weight: 400;\">: the goals are the following:<\/span><\/p>\n<ul>\n<li style=\"font-weight: 400;\"><span style=\"font-weight: 400;\">Study of diseases derived of inbreeding, like congenital malformations and anomalies and other pathology showing a mixed standard (environmental-genetic). <\/span><\/li>\n<li style=\"font-weight: 400;\"><span style=\"font-weight: 400;\">Systematic research of contact diseases between aboriginal population \u2013 European population (tuberculosis, syphilis, typhus, plague) in the moment of the conquest and later. <\/span><\/li>\n<li style=\"font-weight: 400;\"><span style=\"font-weight: 400;\">Analysis of probable zoonoses (diseases transmitted from animal to human being) in the past that played a decisive role in the development of the populations, mainly in islands.<\/span><\/li>\n<\/ul>\n<p><span style=\"font-weight: 400;\">Pathology (skeletal, mummified soft tissues, dental and parasitology<\/span><span style=\"font-weight: 400;\">): it is an essential instrument for the study of archaeological populations and its combination with archaeological data from different places offer a very valuable information on different parameters not only on those populations but, equally important, on nature, evolution, and, in some circumstances, the future behavior of that specific pathology. These parameters include: natural history of the disease, changes in the age of debut of several pathologies, differential sexual prevalence, biological adaptation, pathology of physical activity, contact diseases aboriginal-European (mainly in infectious diseases with local or epidemic character).<\/span><\/p>\n<p><span style=\"font-weight: 400;\">Radiology<\/span><span style=\"font-weight: 400;\">: besides macro and microscopic analyses, the radiological study is fundamental for understanding the development of the disease. It is divided in two levels: plain radiography (basic to prove skeletal pathology and indispensable step for the research of complete mummies and mummified remains) and computed axial tomography (CAT scan &#8211; preserving the integrity of these valuable specimens and offering a vital information on details that are not observable with plain radiography).<\/span><\/p>\n<p><span style=\"font-weight: 400;\">Reconstruction of diet and environmental studies<\/span><span style=\"font-weight: 400;\">: these studies permit to know the usual food and the use of the environment by the aboriginal population. The combination with paleonutritional analyses (through the observation of markers and measurements of metabolic stress) is fundamental for the reconstruction of life of past populations.<\/span><\/p>\n<p><span style=\"font-weight: 400;\">Paleodemography<\/span><span style=\"font-weight: 400;\">: to understand the evolutional standard of a population, its potential increase and expansion, the capacity to occupy the territory and to make use of the resources, and to adapt to the environment, specially in such a limited territory like an island with the size of Tenerife, it is absolutely necessary to study the life tables and the demographic profiles of that population that include the following parameters: life expectancy at birth, life expectancy at the 15 years (basic to know the future number of old people), survivors entering the next interval of 5 years, perinatal and infantile mortality, approximated size of the population, population density, and crude mortality rate. Temporary demographic fuctuation and migration are also important.<\/span><\/p>\n<p><span style=\"font-weight: 400;\">Of course, everything in the right chronological context.<\/span><\/p>\n<p>&nbsp;<\/p>\n<p><b>From an archaeological perspective<\/b><span style=\"font-weight: 400;\">, the research is focused on different sites, specially related to funerary places included in this research program (in different geographic areas of the island, at different altitudes and with different environment), deeply documented, reviewed and dated, which allow to establish the different ways of life in Tenerife in a chronological sequence. <\/span><\/p>\n<ul>\n<li style=\"font-weight: 400;\"><span style=\"font-weight: 400;\">Bibliographical documentation. This work is fundamental in order to compare the results of this project with the existing data. This facilitates the creation of new lines of research in those fields that are not clear yet. <\/span><\/li>\n<li style=\"font-weight: 400;\"><span style=\"font-weight: 400;\">Inventory and comparative study of the archaeological materials (anthropological and material elements) belonging to every place. <\/span><\/li>\n<li style=\"font-weight: 400;\"><span style=\"font-weight: 400;\">Study of the archaeological material associated to funerary places. These places are located at different environmental levels and the goal is to get a very representative sample based in the coexistence of anthropological and archaeological remains that can be analyzed from different perspectives. The sites selected for this study are those that have been excavated with archaeological methodology and have been not completely analyzed, avoiding the material out of context or not well documented. On the other hand, those funerary sites where anthropogenic or natural mummification are proved and those with skeletal remains only will be included too in order to establish the differences between the environmental characteristics of the sites and the possible treatments used there.<\/span><\/li>\n<\/ul>\n<p>[\/vc_column_text][\/vc_column_inner][\/vc_row_inner][\/vc_column][\/vc_row]<\/p>\n","protected":false},"excerpt":{"rendered":"<p>Guanches, an integrating view<\/p>\n","protected":false},"author":2,"featured_media":54551,"parent":0,"menu_order":0,"comment_status":"open","ping_status":"closed","template":"","meta":{"footnotes":""},"yoast_head":"<!-- This site is optimized with the Yoast SEO plugin v21.9.1 - https:\/\/yoast.com\/wordpress\/plugins\/seo\/ -->\n<title>Research - Athanatos<\/title>\n<meta name=\"robots\" content=\"index, follow, max-snippet:-1, max-image-preview:large, max-video-preview:-1\" \/>\n<link rel=\"canonical\" href=\"https:\/\/athanatos.museosdetenerife.org\/investigacion\/\" \/>\n<meta property=\"og:locale\" content=\"en_US\" \/>\n<meta property=\"og:type\" content=\"article\" \/>\n<meta property=\"og:title\" content=\"Research - Athanatos\" \/>\n<meta property=\"og:description\" content=\"Guanches, an integrating view\" \/>\n<meta property=\"og:url\" content=\"https:\/\/athanatos.museosdetenerife.org\/investigacion\/\" \/>\n<meta property=\"og:site_name\" content=\"Athanatos\" \/>\n<meta property=\"article:modified_time\" content=\"2017-12-18T19:02:35+00:00\" \/>\n<meta property=\"og:image\" content=\"https:\/\/athanatos.museosdetenerife.org\/wp-content\/uploads\/2017\/12\/MICROSCOPIO.jpg\" \/>\n\t<meta property=\"og:image:width\" content=\"600\" \/>\n\t<meta property=\"og:image:height\" content=\"400\" \/>\n\t<meta property=\"og:image:type\" content=\"image\/jpeg\" \/>\n<meta name=\"twitter:card\" content=\"summary_large_image\" \/>\n<meta name=\"twitter:label1\" content=\"Est. reading time\" \/>\n\t<meta name=\"twitter:data1\" content=\"5 minutes\" \/>\n<script type=\"application\/ld+json\" class=\"yoast-schema-graph\">{\"@context\":\"https:\/\/schema.org\",\"@graph\":[{\"@type\":\"WebPage\",\"@id\":\"https:\/\/athanatos.museosdetenerife.org\/investigacion\/\",\"url\":\"https:\/\/athanatos.museosdetenerife.org\/investigacion\/\",\"name\":\"Research - Athanatos\",\"isPartOf\":{\"@id\":\"https:\/\/athanatos.museosdetenerife.org\/#website\"},\"datePublished\":\"2017-06-12T10:33:34+00:00\",\"dateModified\":\"2017-12-18T19:02:35+00:00\",\"breadcrumb\":{\"@id\":\"https:\/\/athanatos.museosdetenerife.org\/investigacion\/#breadcrumb\"},\"inLanguage\":\"en-US\",\"potentialAction\":[{\"@type\":\"ReadAction\",\"target\":[\"https:\/\/athanatos.museosdetenerife.org\/investigacion\/\"]}]},{\"@type\":\"BreadcrumbList\",\"@id\":\"https:\/\/athanatos.museosdetenerife.org\/investigacion\/#breadcrumb\",\"itemListElement\":[{\"@type\":\"ListItem\",\"position\":1,\"name\":\"Portada\",\"item\":\"https:\/\/athanatos.museosdetenerife.org\/\"},{\"@type\":\"ListItem\",\"position\":2,\"name\":\"Research\"}]},{\"@type\":\"WebSite\",\"@id\":\"https:\/\/athanatos.museosdetenerife.org\/#website\",\"url\":\"https:\/\/athanatos.museosdetenerife.org\/\",\"name\":\"Athanatos\",\"description\":\"\",\"potentialAction\":[{\"@type\":\"SearchAction\",\"target\":{\"@type\":\"EntryPoint\",\"urlTemplate\":\"https:\/\/athanatos.museosdetenerife.org\/?s={search_term_string}\"},\"query-input\":\"required name=search_term_string\"}],\"inLanguage\":\"en-US\"}]}<\/script>\n<!-- \/ Yoast SEO plugin. -->","yoast_head_json":{"title":"Research - Athanatos","robots":{"index":"index","follow":"follow","max-snippet":"max-snippet:-1","max-image-preview":"max-image-preview:large","max-video-preview":"max-video-preview:-1"},"canonical":"https:\/\/athanatos.museosdetenerife.org\/investigacion\/","og_locale":"en_US","og_type":"article","og_title":"Research - Athanatos","og_description":"Guanches, an integrating view","og_url":"https:\/\/athanatos.museosdetenerife.org\/investigacion\/","og_site_name":"Athanatos","article_modified_time":"2017-12-18T19:02:35+00:00","og_image":[{"width":600,"height":400,"url":"https:\/\/athanatos.museosdetenerife.org\/wp-content\/uploads\/2017\/12\/MICROSCOPIO.jpg","type":"image\/jpeg"}],"twitter_card":"summary_large_image","twitter_misc":{"Est. reading time":"5 minutes"},"schema":{"@context":"https:\/\/schema.org","@graph":[{"@type":"WebPage","@id":"https:\/\/athanatos.museosdetenerife.org\/investigacion\/","url":"https:\/\/athanatos.museosdetenerife.org\/investigacion\/","name":"Research - Athanatos","isPartOf":{"@id":"https:\/\/athanatos.museosdetenerife.org\/#website"},"datePublished":"2017-06-12T10:33:34+00:00","dateModified":"2017-12-18T19:02:35+00:00","breadcrumb":{"@id":"https:\/\/athanatos.museosdetenerife.org\/investigacion\/#breadcrumb"},"inLanguage":"en-US","potentialAction":[{"@type":"ReadAction","target":["https:\/\/athanatos.museosdetenerife.org\/investigacion\/"]}]},{"@type":"BreadcrumbList","@id":"https:\/\/athanatos.museosdetenerife.org\/investigacion\/#breadcrumb","itemListElement":[{"@type":"ListItem","position":1,"name":"Portada","item":"https:\/\/athanatos.museosdetenerife.org\/"},{"@type":"ListItem","position":2,"name":"Research"}]},{"@type":"WebSite","@id":"https:\/\/athanatos.museosdetenerife.org\/#website","url":"https:\/\/athanatos.museosdetenerife.org\/","name":"Athanatos","description":"","potentialAction":[{"@type":"SearchAction","target":{"@type":"EntryPoint","urlTemplate":"https:\/\/athanatos.museosdetenerife.org\/?s={search_term_string}"},"query-input":"required name=search_term_string"}],"inLanguage":"en-US"}]}},"_links":{"self":[{"href":"https:\/\/athanatos.museosdetenerife.org\/en\/wp-json\/wp\/v2\/pages\/54088"}],"collection":[{"href":"https:\/\/athanatos.museosdetenerife.org\/en\/wp-json\/wp\/v2\/pages"}],"about":[{"href":"https:\/\/athanatos.museosdetenerife.org\/en\/wp-json\/wp\/v2\/types\/page"}],"author":[{"embeddable":true,"href":"https:\/\/athanatos.museosdetenerife.org\/en\/wp-json\/wp\/v2\/users\/2"}],"replies":[{"embeddable":true,"href":"https:\/\/athanatos.museosdetenerife.org\/en\/wp-json\/wp\/v2\/comments?post=54088"}],"version-history":[{"count":0,"href":"https:\/\/athanatos.museosdetenerife.org\/en\/wp-json\/wp\/v2\/pages\/54088\/revisions"}],"wp:featuredmedia":[{"embeddable":true,"href":"https:\/\/athanatos.museosdetenerife.org\/en\/wp-json\/wp\/v2\/media\/54551"}],"wp:attachment":[{"href":"https:\/\/athanatos.museosdetenerife.org\/en\/wp-json\/wp\/v2\/media?parent=54088"}],"curies":[{"name":"wp","href":"https:\/\/api.w.org\/{rel}","templated":true}]}}